{"id":2038,"date":"2022-03-31T17:47:32","date_gmt":"2022-03-31T15:47:32","guid":{"rendered":"https:\/\/mona-business-events.fr\/?page_id=2038"},"modified":"2022-04-15T15:17:44","modified_gmt":"2022-04-15T13:17:44","slug":"evenements","status":"publish","type":"page","link":"https:\/\/mona-business-events.fr\/en\/evenements\/","title":{"rendered":"Les Ev\u00e8nements By Mona Collection"},"content":{"rendered":"<div data-elementor-type=\"wp-page\" data-elementor-id=\"2038\" class=\"elementor elementor-2038\" data-elementor-post-type=\"page\">\n\t\t\t\t\t\t<section data-particle_enable=\"false\" data-particle-mobile-disabled=\"false\" class=\"elementor-section elementor-top-section elementor-element elementor-element-b63d12b elementor-section-boxed elementor-section-height-default elementor-section-height-default\" data-id=\"b63d12b\" data-element_type=\"section\" data-e-type=\"section\">\n\t\t\t\t\t\t<div class=\"elementor-container elementor-column-gap-default\">\n\t\t\t\t\t<div class=\"elementor-column elementor-col-100 elementor-top-column elementor-element elementor-element-3fedeb9\" data-id=\"3fedeb9\" data-element_type=\"column\" data-e-type=\"column\">\n\t\t\t<div class=\"elementor-widget-wrap elementor-element-populated\">\n\t\t\t\t\t\t<div class=\"elementor-element elementor-element-1301eb6 elementor--h-position-center elementor--v-position-middle elementor-arrows-position-inside elementor-pagination-position-inside elementor-widget elementor-widget-slides\" data-id=\"1301eb6\" data-element_type=\"widget\" data-e-type=\"widget\" data-settings=\"{&quot;navigation&quot;:&quot;both&quot;,&quot;autoplay&quot;:&quot;yes&quot;,&quot;pause_on_hover&quot;:&quot;yes&quot;,&quot;pause_on_interaction&quot;:&quot;yes&quot;,&quot;autoplay_speed&quot;:5000,&quot;infinite&quot;:&quot;yes&quot;,&quot;transition&quot;:&quot;slide&quot;,&quot;transition_speed&quot;:500}\" data-widget_type=\"slides.default\">\n\t\t\t\t<div class=\"elementor-widget-container\">\n\t\t\t\t\t\t\t\t\t<div class=\"elementor-swiper\">\n\t\t\t\t\t<div class=\"elementor-slides-wrapper elementor-main-swiper swiper\" role=\"region\" aria-roledescription=\"carousel\" aria-label=\"Slides\" dir=\"ltr\" data-animation=\"fadeInUp\">\n\t\t\t\t<div class=\"swiper-wrapper elementor-slides\">\n\t\t\t\t\t\t\t\t\t\t<div class=\"elementor-repeater-item-5fa1af5 swiper-slide\" role=\"group\" aria-roledescription=\"slide\"><div class=\"swiper-slide-bg\"><\/div><div class=\"swiper-slide-inner\" ><div class=\"swiper-slide-contents\"><div class=\"elementor-slide-heading\">Diapositive 1 Titre<\/div><div class=\"elementor-slide-description\">Lorem ipsum dolor sit amet consectetur adipiscing elit dolor<\/div><div  class=\"elementor-button elementor-slide-button elementor-size-sm\">Cliquer ici<\/div><\/div><\/div><\/div><div class=\"elementor-repeater-item-dedc9d2 swiper-slide\" role=\"group\" aria-roledescription=\"slide\"><div class=\"swiper-slide-bg\"><\/div><div class=\"swiper-slide-inner\" ><div class=\"swiper-slide-contents\"><div class=\"elementor-slide-heading\">Diapositive 2 Titre<\/div><div class=\"elementor-slide-description\">Lorem ipsum dolor sit amet consectetur adipiscing elit dolor<\/div><div  class=\"elementor-button elementor-slide-button elementor-size-sm\">Cliquer ici<\/div><\/div><\/div><\/div><div class=\"elementor-repeater-item-2960ed5 swiper-slide\" role=\"group\" aria-roledescription=\"slide\"><div class=\"swiper-slide-bg\"><\/div><div class=\"swiper-slide-inner\" ><div class=\"swiper-slide-contents\"><div class=\"elementor-slide-heading\">Diapositive 3 Titre<\/div><div class=\"elementor-slide-description\">Lorem ipsum dolor sit amet consectetur adipiscing elit dolor<\/div><div  class=\"elementor-button elementor-slide-button elementor-size-sm\">Cliquer ici<\/div><\/div><\/div><\/div>\t\t\t\t<\/div>\n\t\t\t\t\t\t\t\t\t\t\t\t\t\t\t<div class=\"elementor-swiper-button elementor-swiper-button-prev\" role=\"button\" tabindex=\"0\" aria-label=\"Previous slide\" data-no-translation-aria-label=\"\">\n\t\t\t\t\t\t\t<i aria-hidden=\"true\" class=\"eicon-chevron-left\"><\/i>\t\t\t\t\t\t<\/div>\n\t\t\t\t\t\t<div class=\"elementor-swiper-button elementor-swiper-button-next\" role=\"button\" tabindex=\"0\" aria-label=\"Next slide\" data-no-translation-aria-label=\"\">\n\t\t\t\t\t\t\t<i aria-hidden=\"true\" class=\"eicon-chevron-right\"><\/i>\t\t\t\t\t\t<\/div>\n\t\t\t\t\t\t\t\t\t\t\t\t\t\t\t\t<div class=\"swiper-pagination\"><\/div>\n\t\t\t\t\t\t\t\t\t\t\t\t<\/div>\n\t\t\t\t<\/div>\n\t\t\t\t\t\t\t\t<\/div>\n\t\t\t\t<\/div>\n\t\t\t\t\t<\/div>\n\t\t<\/div>\n\t\t\t\t\t<\/div>\n\t\t<\/section>\n\t\t\t\t<section data-particle_enable=\"false\" data-particle-mobile-disabled=\"false\" class=\"elementor-section elementor-top-section elementor-element elementor-element-628aa39 elementor-section-boxed elementor-section-height-default elementor-section-height-default\" data-id=\"628aa39\" data-element_type=\"section\" data-e-type=\"section\">\n\t\t\t\t\t\t<div class=\"elementor-container elementor-column-gap-default\">\n\t\t\t\t\t<div class=\"elementor-column elementor-col-100 elementor-top-column elementor-element elementor-element-8645351\" data-id=\"8645351\" data-element_type=\"column\" data-e-type=\"column\">\n\t\t\t<div class=\"elementor-widget-wrap elementor-element-populated\">\n\t\t\t\t\t\t<div class=\"elementor-element elementor-element-60540c8 elementor-widget elementor-widget-heading\" data-id=\"60540c8\" data-element_type=\"widget\" data-e-type=\"widget\" data-widget_type=\"heading.default\">\n\t\t\t\t<div class=\"elementor-widget-container\">\n\t\t\t\t\t<h1 class=\"elementor-heading-title elementor-size-default\">Les Ev\u00e8nements By Mona Collection<\/h1>\t\t\t\t<\/div>\n\t\t\t\t<\/div>\n\t\t\t\t\t<\/div>\n\t\t<\/div>\n\t\t\t\t\t<\/div>\n\t\t<\/section>\n\t\t\t\t<section data-particle_enable=\"false\" data-particle-mobile-disabled=\"false\" class=\"elementor-section elementor-top-section elementor-element elementor-element-ac26658 elementor-section-boxed elementor-section-height-default elementor-section-height-default\" data-id=\"ac26658\" data-element_type=\"section\" data-e-type=\"section\">\n\t\t\t\t\t\t<div class=\"elementor-container elementor-column-gap-default\">\n\t\t\t\t\t<div class=\"elementor-column elementor-col-100 elementor-top-column elementor-element elementor-element-4754631\" data-id=\"4754631\" data-element_type=\"column\" data-e-type=\"column\">\n\t\t\t<div class=\"elementor-widget-wrap elementor-element-populated\">\n\t\t\t\t\t\t<div class=\"elementor-element elementor-element-df357f0 elementor-widget elementor-widget-text-editor\" data-id=\"df357f0\" data-element_type=\"widget\" data-e-type=\"widget\" data-widget_type=\"text-editor.default\">\n\t\t\t\t<div class=\"elementor-widget-container\">\n\t\t\t\t\t\t\t\t\t<p style=\"text-align: center;\">Apr\u00e8s 10 belles ann\u00e9es d&rsquo;exp\u00e9rience, 3 beaux \u00e9tablissements h\u00f4teliers, la gestion de groupe en activit\u00e9 principale, le sens de l&rsquo;accueil en c\u0153ur de m\u00e9tier, des fournisseurs de qualit\u00e9, .. Nous nous lan\u00e7ons dans l&rsquo;\u00e9v\u00e8nementiel haut en couleurs. <br \/>Deux \u00e9v\u00e8nements priv\u00e9s\u00a0 que nous nous offrons\u00a0<span style=\"font-size: 16px; font-style: normal; font-weight: 400;\">cette ann\u00e9e <\/span><span style=\"font-size: 16px;\">et que nous partagerons avec vous sur le web.\u00a0<\/span><\/p><p style=\"text-align: center;\"><strong>D\u00e9couvrez cette belle vitrine by Mona Collection :\u00a0 Un savoir-faire au service de votre futur \u00e9v\u00e8nement!<\/strong><\/p>\t\t\t\t\t\t\t\t<\/div>\n\t\t\t\t<\/div>\n\t\t\t\t\t<\/div>\n\t\t<\/div>\n\t\t\t\t\t<\/div>\n\t\t<\/section>\n\t\t\t\t<section data-particle_enable=\"false\" data-particle-mobile-disabled=\"false\" class=\"elementor-section elementor-top-section elementor-element elementor-element-1bc1883 elementor-section-boxed elementor-section-height-default elementor-section-height-default\" data-id=\"1bc1883\" data-element_type=\"section\" data-e-type=\"section\">\n\t\t\t\t\t\t<div class=\"elementor-container elementor-column-gap-default\">\n\t\t\t\t\t<div class=\"elementor-column elementor-col-50 elementor-top-column elementor-element elementor-element-b1084c1\" data-id=\"b1084c1\" data-element_type=\"column\" data-e-type=\"column\">\n\t\t\t<div class=\"elementor-widget-wrap elementor-element-populated\">\n\t\t\t\t\t\t<div class=\"elementor-element elementor-element-d0379f4 elementor--h-position-center elementor--v-position-middle elementor-arrows-position-inside elementor-pagination-position-inside elementor-widget elementor-widget-slides\" data-id=\"d0379f4\" data-element_type=\"widget\" data-e-type=\"widget\" data-settings=\"{&quot;navigation&quot;:&quot;both&quot;,&quot;autoplay&quot;:&quot;yes&quot;,&quot;pause_on_hover&quot;:&quot;yes&quot;,&quot;pause_on_interaction&quot;:&quot;yes&quot;,&quot;autoplay_speed&quot;:5000,&quot;infinite&quot;:&quot;yes&quot;,&quot;transition&quot;:&quot;slide&quot;,&quot;transition_speed&quot;:500}\" data-widget_type=\"slides.default\">\n\t\t\t\t<div class=\"elementor-widget-container\">\n\t\t\t\t\t\t\t\t\t<div class=\"elementor-swiper\">\n\t\t\t\t\t<div class=\"elementor-slides-wrapper elementor-main-swiper swiper\" role=\"region\" aria-roledescription=\"carousel\" aria-label=\"Slides\" dir=\"ltr\" data-animation=\"fadeInUp\">\n\t\t\t\t<div class=\"swiper-wrapper elementor-slides\">\n\t\t\t\t\t\t\t\t\t\t<div class=\"elementor-repeater-item-eda3ac9 swiper-slide\" role=\"group\" aria-roledescription=\"slide\"><div class=\"swiper-slide-bg\"><\/div><div class=\"swiper-slide-inner\" ><div class=\"swiper-slide-contents\"><div class=\"elementor-slide-heading\">Eden Rose Party <\/div><div class=\"elementor-slide-description\">La Renaissance du Grand H\u00f4tel<br>de Bormes-les-Mimosas<br><br>\nLe 21 Mai 2022<\/div><div  class=\"elementor-button elementor-slide-button elementor-size-sm\">D\u00e9couvrir  le programme<\/div><\/div><\/div><\/div>\t\t\t\t<\/div>\n\t\t\t\t\t\t\t<\/div>\n\t\t\t\t<\/div>\n\t\t\t\t\t\t\t\t<\/div>\n\t\t\t\t<\/div>\n\t\t\t\t\t<\/div>\n\t\t<\/div>\n\t\t\t\t<div class=\"elementor-column elementor-col-50 elementor-top-column elementor-element elementor-element-d93f10e\" data-id=\"d93f10e\" data-element_type=\"column\" data-e-type=\"column\">\n\t\t\t<div class=\"elementor-widget-wrap elementor-element-populated\">\n\t\t\t\t\t\t<div class=\"elementor-element elementor-element-86b0a00 elementor--h-position-center elementor--v-position-middle elementor-arrows-position-inside elementor-pagination-position-inside elementor-widget elementor-widget-slides\" data-id=\"86b0a00\" data-element_type=\"widget\" data-e-type=\"widget\" data-settings=\"{&quot;navigation&quot;:&quot;both&quot;,&quot;autoplay&quot;:&quot;yes&quot;,&quot;pause_on_hover&quot;:&quot;yes&quot;,&quot;pause_on_interaction&quot;:&quot;yes&quot;,&quot;autoplay_speed&quot;:5000,&quot;infinite&quot;:&quot;yes&quot;,&quot;transition&quot;:&quot;slide&quot;,&quot;transition_speed&quot;:500}\" data-widget_type=\"slides.default\">\n\t\t\t\t<div class=\"elementor-widget-container\">\n\t\t\t\t\t\t\t\t\t<div class=\"elementor-swiper\">\n\t\t\t\t\t<div class=\"elementor-slides-wrapper elementor-main-swiper swiper\" role=\"region\" aria-roledescription=\"carousel\" aria-label=\"Slides\" dir=\"ltr\" data-animation=\"fadeInUp\">\n\t\t\t\t<div class=\"swiper-wrapper elementor-slides\">\n\t\t\t\t\t\t\t\t\t\t<div class=\"elementor-repeater-item-84d494b swiper-slide\" role=\"group\" aria-roledescription=\"slide\"><div class=\"swiper-slide-bg\"><\/div><div class=\"swiper-slide-inner\" ><div class=\"swiper-slide-contents\"><div class=\"elementor-slide-heading\">La soir\u00e9e<br> des 10 ans <\/div><div class=\"elementor-slide-description\">De la premi\u00e8re soci\u00e9t\u00e9-pilier du Groupe Mona Collection<br><br>\nLe 8 Octobre 2022<\/div><div  class=\"elementor-button elementor-slide-button elementor-size-sm\">A d\u00e9couvrir prochainement<\/div><\/div><\/div><\/div>\t\t\t\t<\/div>\n\t\t\t\t\t\t\t<\/div>\n\t\t\t\t<\/div>\n\t\t\t\t\t\t\t\t<\/div>\n\t\t\t\t<\/div>\n\t\t\t\t\t<\/div>\n\t\t<\/div>\n\t\t\t\t\t<\/div>\n\t\t<\/section>\n\t\t\t\t<section data-particle_enable=\"false\" data-particle-mobile-disabled=\"false\" class=\"elementor-section elementor-top-section elementor-element elementor-element-a275437 elementor-section-boxed elementor-section-height-default elementor-section-height-default\" data-id=\"a275437\" data-element_type=\"section\" data-e-type=\"section\">\n\t\t\t\t\t\t<div class=\"elementor-container elementor-column-gap-default\">\n\t\t\t\t\t<div class=\"elementor-column elementor-col-100 elementor-top-column elementor-element elementor-element-a6816bb\" data-id=\"a6816bb\" data-element_type=\"column\" data-e-type=\"column\">\n\t\t\t<div class=\"elementor-widget-wrap\">\n\t\t\t\t\t\t\t<\/div>\n\t\t<\/div>\n\t\t\t\t\t<\/div>\n\t\t<\/section>\n\t\t\t\t<\/div>","protected":false},"excerpt":{"rendered":"<p>Diapositive 1 TitreLorem ipsum dolor sit amet consectetur adipiscing elit dolorCliquer iciDiapositive 2 TitreLorem ipsum dolor sit amet consectetur adipiscing elit dolorCliquer iciDiapositive 3 TitreLorem ipsum dolor sit amet consectetur adipiscing elit dolorCliquer ici Pr\u00e9c\u00e9dent Suivant Les Ev\u00e8nements By Mona Collection Apr\u00e8s 10 belles ann\u00e9es d&rsquo;exp\u00e9rience, 3 beaux \u00e9tablissements h\u00f4teliers, la gestion de groupe en [&hellip;]<\/p>\n","protected":false},"author":3,"featured_media":0,"parent":0,"menu_order":0,"comment_status":"closed","ping_status":"closed","template":"","meta":{"_mo_disable_npp":"","site-sidebar-layout":"no-sidebar","site-content-layout":"page-builder","ast-site-content-layout":"default","site-content-style":"default","site-sidebar-style":"default","ast-global-header-display":"","ast-banner-title-visibility":"","ast-main-header-display":"","ast-hfb-above-header-display":"","ast-hfb-below-header-display":"","ast-hfb-mobile-header-display":"","site-post-title":"disabled","ast-breadcrumbs-content":"","ast-featured-img":"disabled","footer-sml-layout":"","ast-disable-related-posts":"","theme-transparent-header-meta":"","adv-header-id-meta":"","stick-header-meta":"","header-above-stick-meta":"","header-main-stick-meta":"","header-below-stick-meta":"","astra-migrate-meta-layouts":"default","ast-page-background-enabled":"default","ast-page-background-meta":{"desktop":{"background-color":"","background-image":"","background-repeat":"repeat","background-position":"center center","background-size":"auto","background-attachment":"scroll","background-type":"","background-media":"","overlay-type":"","overlay-color":"","overlay-opacity":"","overlay-gradient":""},"tablet":{"background-color":"","background-image":"","background-repeat":"repeat","background-position":"center center","background-size":"auto","background-attachment":"scroll","background-type":"","background-media":"","overlay-type":"","overlay-color":"","overlay-opacity":"","overlay-gradient":""},"mobile":{"background-color":"","background-image":"","background-repeat":"repeat","background-position":"center center","background-size":"auto","background-attachment":"scroll","background-type":"","background-media":"","overlay-type":"","overlay-color":"","overlay-opacity":"","overlay-gradient":""}},"ast-content-background-meta":{"desktop":{"background-color":"var(--ast-global-color-5)","background-image":"","background-repeat":"repeat","background-position":"center center","background-size":"auto","background-attachment":"scroll","background-type":"","background-media":"","overlay-type":"","overlay-color":"","overlay-opacity":"","overlay-gradient":""},"tablet":{"background-color":"var(--ast-global-color-5)","background-image":"","background-repeat":"repeat","background-position":"center center","background-size":"auto","background-attachment":"scroll","background-type":"","background-media":"","overlay-type":"","overlay-color":"","overlay-opacity":"","overlay-gradient":""},"mobile":{"background-color":"var(--ast-global-color-5)","background-image":"","background-repeat":"repeat","background-position":"center center","background-size":"auto","background-attachment":"scroll","background-type":"","background-media":"","overlay-type":"","overlay-color":"","overlay-opacity":"","overlay-gradient":""}},"footnotes":""},"class_list":["post-2038","page","type-page","status-publish","hentry"],"yoast_head":"<!-- This site is optimized with the Yoast SEO plugin v27.3 - https:\/\/yoast.com\/product\/yoast-seo-wordpress\/ -->\n<title>Les Ev\u00e8nements By Mona Collection - Mona Business &amp; Events<\/title>\n<meta name=\"robots\" content=\"index, follow, max-snippet:-1, max-image-preview:large, max-video-preview:-1\" \/>\n<link rel=\"canonical\" href=\"https:\/\/mona-business-events.fr\/en\/evenements\/\" \/>\n<meta property=\"og:locale\" content=\"en_GB\" \/>\n<meta property=\"og:type\" content=\"article\" \/>\n<meta property=\"og:title\" content=\"Les Ev\u00e8nements By Mona Collection - Mona Business &amp; Events\" \/>\n<meta property=\"og:description\" content=\"Diapositive 1 TitreLorem ipsum dolor sit amet consectetur adipiscing elit dolorCliquer iciDiapositive 2 TitreLorem ipsum dolor sit amet consectetur adipiscing elit dolorCliquer iciDiapositive 3 TitreLorem ipsum dolor sit amet consectetur adipiscing elit dolorCliquer ici Pr\u00e9c\u00e9dent Suivant Les Ev\u00e8nements By Mona Collection Apr\u00e8s 10 belles ann\u00e9es d&rsquo;exp\u00e9rience, 3 beaux \u00e9tablissements h\u00f4teliers, la gestion de groupe en [&hellip;]\" \/>\n<meta property=\"og:url\" content=\"https:\/\/mona-business-events.fr\/en\/evenements\/\" \/>\n<meta property=\"og:site_name\" content=\"Mona Business &amp; Events\" \/>\n<meta property=\"article:modified_time\" content=\"2022-04-15T13:17:44+00:00\" \/>\n<meta name=\"twitter:card\" content=\"summary_large_image\" \/>\n<meta name=\"twitter:label1\" content=\"Estimated reading time\" \/>\n\t<meta name=\"twitter:data1\" content=\"2 minutes\" \/>\n<script type=\"application\/ld+json\" class=\"yoast-schema-graph\">{\"@context\":\"https:\\\/\\\/schema.org\",\"@graph\":[{\"@type\":\"WebPage\",\"@id\":\"https:\\\/\\\/mona-business-events.fr\\\/evenements\\\/\",\"url\":\"https:\\\/\\\/mona-business-events.fr\\\/evenements\\\/\",\"name\":\"Les Ev\u00e8nements By Mona Collection - Mona Business &amp; Events\",\"isPartOf\":{\"@id\":\"https:\\\/\\\/mona-business-events.fr\\\/#website\"},\"datePublished\":\"2022-03-31T15:47:32+00:00\",\"dateModified\":\"2022-04-15T13:17:44+00:00\",\"breadcrumb\":{\"@id\":\"https:\\\/\\\/mona-business-events.fr\\\/evenements\\\/#breadcrumb\"},\"inLanguage\":\"en-GB\",\"potentialAction\":[{\"@type\":\"ReadAction\",\"target\":[\"https:\\\/\\\/mona-business-events.fr\\\/evenements\\\/\"]}]},{\"@type\":\"BreadcrumbList\",\"@id\":\"https:\\\/\\\/mona-business-events.fr\\\/evenements\\\/#breadcrumb\",\"itemListElement\":[{\"@type\":\"ListItem\",\"position\":1,\"name\":\"Accueil\",\"item\":\"https:\\\/\\\/mona-business-events.fr\\\/\"},{\"@type\":\"ListItem\",\"position\":2,\"name\":\"Les Ev\u00e8nements By Mona Collection\"}]},{\"@type\":\"WebSite\",\"@id\":\"https:\\\/\\\/mona-business-events.fr\\\/#website\",\"url\":\"https:\\\/\\\/mona-business-events.fr\\\/\",\"name\":\"Mona Business &amp; Events\",\"description\":\"By Mona Collection\",\"publisher\":{\"@id\":\"https:\\\/\\\/mona-business-events.fr\\\/#organization\"},\"potentialAction\":[{\"@type\":\"SearchAction\",\"target\":{\"@type\":\"EntryPoint\",\"urlTemplate\":\"https:\\\/\\\/mona-business-events.fr\\\/?s={search_term_string}\"},\"query-input\":{\"@type\":\"PropertyValueSpecification\",\"valueRequired\":true,\"valueName\":\"search_term_string\"}}],\"inLanguage\":\"en-GB\"},{\"@type\":\"Organization\",\"@id\":\"https:\\\/\\\/mona-business-events.fr\\\/#organization\",\"name\":\"Mona Collection\",\"url\":\"https:\\\/\\\/mona-business-events.fr\\\/\",\"logo\":{\"@type\":\"ImageObject\",\"inLanguage\":\"en-GB\",\"@id\":\"https:\\\/\\\/mona-business-events.fr\\\/#\\\/schema\\\/logo\\\/image\\\/\",\"url\":\"https:\\\/\\\/mona-business-events.fr\\\/wp-content\\\/uploads\\\/2019\\\/02\\\/Mona-collection-logo.png\",\"contentUrl\":\"https:\\\/\\\/mona-business-events.fr\\\/wp-content\\\/uploads\\\/2019\\\/02\\\/Mona-collection-logo.png\",\"width\":1024,\"height\":610,\"caption\":\"Mona Collection\"},\"image\":{\"@id\":\"https:\\\/\\\/mona-business-events.fr\\\/#\\\/schema\\\/logo\\\/image\\\/\"}}]}<\/script>\n<!-- \/ Yoast SEO plugin. -->","yoast_head_json":{"title":"Les Ev\u00e8nements By Mona Collection - Mona Business &amp; Events","robots":{"index":"index","follow":"follow","max-snippet":"max-snippet:-1","max-image-preview":"max-image-preview:large","max-video-preview":"max-video-preview:-1"},"canonical":"https:\/\/mona-business-events.fr\/en\/evenements\/","og_locale":"en_GB","og_type":"article","og_title":"Les Ev\u00e8nements By Mona Collection - Mona Business &amp; Events","og_description":"Diapositive 1 TitreLorem ipsum dolor sit amet consectetur adipiscing elit dolorCliquer iciDiapositive 2 TitreLorem ipsum dolor sit amet consectetur adipiscing elit dolorCliquer iciDiapositive 3 TitreLorem ipsum dolor sit amet consectetur adipiscing elit dolorCliquer ici Pr\u00e9c\u00e9dent Suivant Les Ev\u00e8nements By Mona Collection Apr\u00e8s 10 belles ann\u00e9es d&rsquo;exp\u00e9rience, 3 beaux \u00e9tablissements h\u00f4teliers, la gestion de groupe en [&hellip;]","og_url":"https:\/\/mona-business-events.fr\/en\/evenements\/","og_site_name":"Mona Business &amp; Events","article_modified_time":"2022-04-15T13:17:44+00:00","twitter_card":"summary_large_image","twitter_misc":{"Estimated reading time":"2 minutes"},"schema":{"@context":"https:\/\/schema.org","@graph":[{"@type":"WebPage","@id":"https:\/\/mona-business-events.fr\/evenements\/","url":"https:\/\/mona-business-events.fr\/evenements\/","name":"Les Ev\u00e8nements By Mona Collection - Mona Business &amp; Events","isPartOf":{"@id":"https:\/\/mona-business-events.fr\/#website"},"datePublished":"2022-03-31T15:47:32+00:00","dateModified":"2022-04-15T13:17:44+00:00","breadcrumb":{"@id":"https:\/\/mona-business-events.fr\/evenements\/#breadcrumb"},"inLanguage":"en-GB","potentialAction":[{"@type":"ReadAction","target":["https:\/\/mona-business-events.fr\/evenements\/"]}]},{"@type":"BreadcrumbList","@id":"https:\/\/mona-business-events.fr\/evenements\/#breadcrumb","itemListElement":[{"@type":"ListItem","position":1,"name":"Accueil","item":"https:\/\/mona-business-events.fr\/"},{"@type":"ListItem","position":2,"name":"Les Ev\u00e8nements By Mona Collection"}]},{"@type":"WebSite","@id":"https:\/\/mona-business-events.fr\/#website","url":"https:\/\/mona-business-events.fr\/","name":"Mona Business &amp; Events","description":"By Mona Collection","publisher":{"@id":"https:\/\/mona-business-events.fr\/#organization"},"potentialAction":[{"@type":"SearchAction","target":{"@type":"EntryPoint","urlTemplate":"https:\/\/mona-business-events.fr\/?s={search_term_string}"},"query-input":{"@type":"PropertyValueSpecification","valueRequired":true,"valueName":"search_term_string"}}],"inLanguage":"en-GB"},{"@type":"Organization","@id":"https:\/\/mona-business-events.fr\/#organization","name":"Mona Collection","url":"https:\/\/mona-business-events.fr\/","logo":{"@type":"ImageObject","inLanguage":"en-GB","@id":"https:\/\/mona-business-events.fr\/#\/schema\/logo\/image\/","url":"https:\/\/mona-business-events.fr\/wp-content\/uploads\/2019\/02\/Mona-collection-logo.png","contentUrl":"https:\/\/mona-business-events.fr\/wp-content\/uploads\/2019\/02\/Mona-collection-logo.png","width":1024,"height":610,"caption":"Mona Collection"},"image":{"@id":"https:\/\/mona-business-events.fr\/#\/schema\/logo\/image\/"}}]}},"_links":{"self":[{"href":"https:\/\/mona-business-events.fr\/en\/wp-json\/wp\/v2\/pages\/2038","targetHints":{"allow":["GET"]}}],"collection":[{"href":"https:\/\/mona-business-events.fr\/en\/wp-json\/wp\/v2\/pages"}],"about":[{"href":"https:\/\/mona-business-events.fr\/en\/wp-json\/wp\/v2\/types\/page"}],"author":[{"embeddable":true,"href":"https:\/\/mona-business-events.fr\/en\/wp-json\/wp\/v2\/users\/3"}],"replies":[{"embeddable":true,"href":"https:\/\/mona-business-events.fr\/en\/wp-json\/wp\/v2\/comments?post=2038"}],"version-history":[{"count":0,"href":"https:\/\/mona-business-events.fr\/en\/wp-json\/wp\/v2\/pages\/2038\/revisions"}],"wp:attachment":[{"href":"https:\/\/mona-business-events.fr\/en\/wp-json\/wp\/v2\/media?parent=2038"}],"curies":[{"name":"wp","href":"https:\/\/api.w.org\/{rel}","templated":true}]}}